{"id":120,"date":"2025-12-16T21:21:47","date_gmt":"2025-12-16T21:21:47","guid":{"rendered":"https:\/\/mrginius.com\/index.php\/about-14\/"},"modified":"2026-04-30T18:06:02","modified_gmt":"2026-04-30T18:06:02","slug":"politika-privatnosti","status":"publish","type":"page","link":"https:\/\/mrginius.com\/politika-privatnosti\/","title":{"rendered":"politika-privatnosti"},"content":{"rendered":"\t\t<div data-elementor-type=\"wp-page\" data-elementor-id=\"120\" class=\"elementor elementor-120\">\n\t\t\t\t<div class=\"elementor-element elementor-element-618cefa e-flex e-con-boxed e-con e-parent\" data-id=\"618cefa\" data-element_type=\"container\">\n\t\t\t\t\t<div class=\"e-con-inner\">\n\t\t\t\t<div class=\"elementor-element elementor-element-1409037 elementor-widget elementor-widget-text-editor\" data-id=\"1409037\" data-element_type=\"widget\" data-widget_type=\"text-editor.default\">\n\t\t\t\t\t\t\t\t\t<h2>Politika privatnosti<\/h2>\n<p><strong><br \/>1. Op\u0107e informacije<\/strong><\/p>\n<p>Ova Politika privatnosti odnosi se na web stranicu <strong>https:\/\/mrginius.com<\/strong>, koja je u vlasni\u0161tvu tvrtke <strong data-start=\"353\" data-end=\"369\">Refil d.o.o.<\/strong>\u00a0<br data-start=\"426\" data-end=\"429\" \/>Refil d.o.o., Vinica 35, 48000 Koprivnica, OIB: 70801780777, obra\u0111uje osobne podatke korisnika\u00a0u skladu s Op\u0107om uredbom o za\u0161titi podataka (GDPR) i Zakonom o provedbi Op\u0107e uredbe o za\u0161titi podataka.<\/p>\n<p data-start=\"629\" data-end=\"659\"><strong>2. Koje podatke prikupljamo<\/strong><\/p>\n<p>Putem na\u0161ih obrazaca za kontakt i narud\u017ebu mo\u017eemo prikupljati sljede\u0107e podatke:<\/p>\n<ul data-start=\"740\" data-end=\"968\">\n<li data-start=\"740\" data-end=\"755\">\n<p>Ime i prezime<\/p>\n<\/li>\n<li data-start=\"756\" data-end=\"785\">\n<p>Naziv tvrtke (ako se unosi)<\/p>\n<\/li>\n<li data-start=\"786\" data-end=\"813\">\n<p>OIB tvrtke (ako se unosi)<\/p>\n<\/li>\n<li data-start=\"814\" data-end=\"829\">\n<p>E-mail adresa<\/p>\n<\/li>\n<li data-start=\"830\" data-end=\"855\">\n<p>Po\u0161tanska adresa i grad<\/p>\n<\/li>\n<li data-start=\"856\" data-end=\"886\">\n<p>Odabrani proizvod i koli\u010dina<\/p>\n<\/li>\n<li data-start=\"887\" data-end=\"903\">\n<p>Na\u010din pla\u0107anja<\/p>\n<\/li>\n<li data-start=\"904\" data-end=\"968\">\n<p>Dodatne informacije koje korisnik unese u polje \u201eDodatni opis\u201c<\/p>\n<\/li>\n<\/ul>\n<p data-start=\"970\" data-end=\"997\"><strong>3. Svrha obrade podataka<\/strong><\/p>\n<p>Osobni podaci koriste se isklju\u010divo za:<\/p>\n<ul data-start=\"1038\" data-end=\"1135\">\n<li data-start=\"1038\" data-end=\"1055\">\n<p>obradu narud\u017ebi<\/p>\n<\/li>\n<li data-start=\"1056\" data-end=\"1084\">\n<p>komunikaciju s korisnicima<\/p>\n<\/li>\n<li data-start=\"1085\" data-end=\"1103\">\n<p>izdavanje ra\u010duna<\/p>\n<\/li>\n<li data-start=\"1104\" data-end=\"1135\">\n<p>ispunjavanje zakonskih obveza<\/p>\n<\/li>\n<\/ul>\n<p data-start=\"1137\" data-end=\"1161\"><strong>4. Kola\u010di\u0107i (Cookies)<\/strong><\/p>\n<p>Na\u0161a stranica koristi kola\u010di\u0107e radi:<\/p>\n<ul data-start=\"1199\" data-end=\"1307\">\n<li data-start=\"1199\" data-end=\"1234\">\n<p>ispravnog funkcioniranja stranice<\/p>\n<\/li>\n<li data-start=\"1235\" data-end=\"1272\">\n<p>analitike posjeta (anonimni podaci)<\/p>\n<\/li>\n<li data-start=\"1273\" data-end=\"1307\">\n<p>pobolj\u0161anja korisni\u010dkog iskustva<\/p>\n<\/li>\n<\/ul>\n<p>Korisnici mogu u svom internetskom pregledniku obrisati ili onemogu\u0107iti kola\u010di\u0107e, no to mo\u017ee utjecati na funkcionalnost stranice.<\/p>\n<p data-start=\"1440\" data-end=\"1466\"><strong>5. Pravna osnova obrade<\/strong><\/p>\n<p>Osobni podaci obra\u0111uju se temeljem:<\/p>\n<ul data-start=\"1503\" data-end=\"1679\">\n<li data-start=\"1503\" data-end=\"1553\">\n<p>privole korisnika (\u010dl. 6. st. 1. to\u010dka a GDPR-a)<\/p>\n<\/li>\n<li data-start=\"1554\" data-end=\"1616\">\n<p>ispunjavanja ugovornih obveza (\u010dl. 6. st. 1. to\u010dka b GDPR-a)<\/p>\n<\/li>\n<li data-start=\"1617\" data-end=\"1679\">\n<p>ispunjavanja zakonskih obveza (\u010dl. 6. st. 1. to\u010dka c GDPR-a)<\/p>\n<\/li>\n<\/ul>\n<p data-start=\"1681\" data-end=\"1703\"><strong>6. Pohrana podataka<\/strong><\/p>\n<p>Podaci se pohranjuju onoliko dugo koliko je potrebno za ispunjenje svrhe obrade, osim ako zakonski propisi ne zahtijevaju dulje \u010duvanje.<\/p>\n<p data-start=\"1842\" data-end=\"1863\"><strong>7. Prava korisnika<\/strong><\/p>\n<p>Korisnik ima pravo zatra\u017eiti:<\/p>\n<ul data-start=\"1894\" data-end=\"2059\">\n<li data-start=\"1894\" data-end=\"1927\">\n<p>pristup svojim osobnim podacima<\/p>\n<\/li>\n<li data-start=\"1928\" data-end=\"1956\">\n<p>ispravak neto\u010dnih podataka<\/p>\n<\/li>\n<li data-start=\"1957\" data-end=\"1997\">\n<p>brisanje podataka (\u201epravo na zaborav\u201c)<\/p>\n<\/li>\n<li data-start=\"1998\" data-end=\"2018\">\n<p>ograni\u010denje obrade<\/p>\n<\/li>\n<li data-start=\"2019\" data-end=\"2038\">\n<p>prijenos podataka<\/p>\n<\/li>\n<li data-start=\"2039\" data-end=\"2059\">\n<p>prigovor na obradu<\/p>\n<\/li>\n<\/ul>\n<p>Za ostvarivanje prava potrebno je kontaktirati nas putem e-maila: <strong>refildoo[at]gmail.com<\/strong>\u00a0<\/p>\n<p data-start=\"2151\" data-end=\"2175\"><strong>8. Sigurnost podataka<\/strong><\/p>\n<p>Primjenjujemo odgovaraju\u0107e tehni\u010dke i organizacijske mjere za\u0161tite podataka kako bismo sprije\u010dili neovla\u0161teni pristup, izmjenu ili gubitak podataka.<\/p>\n<p data-start=\"2326\" data-end=\"2339\"><strong>9. Kontakt<\/strong><\/p>\n<p>Za sva pitanja u vezi za\u0161tite privatnosti obratite se na:<br \/><strong data-start=\"2398\" data-end=\"2414\">Refil d.o.o.<\/strong><br data-start=\"2414\" data-end=\"2417\" \/>Vinica 35, 48000 Koprivnica<br data-start=\"2444\" data-end=\"2447\" \/>E-mail: <strong>refildoo[at]gmail.com<\/strong> \u00a0<br data-start=\"2477\" data-end=\"2480\" \/>Telefon:\u00a0<strong data-start=\"2489\" data-end=\"2511\">+3.8.5. (0)4.8.2.2.2.7.7.7.<\/strong><\/p>\t\t\t\t\t\t\t\t<\/div>\n\t\t\t\t\t<\/div>\n\t\t\t\t<\/div>\n\t\t\t\t<\/div>\n\t\t","protected":false},"excerpt":{"rendered":"<p>Politika privatnosti 1. Op\u0107e informacije Ova Politika privatnosti odnosi se na web stranicu https:\/\/mrginius.com, koja je u vlasni\u0161tvu tvrtke Refil [&hellip;]<\/p>\n","protected":false},"author":1,"featured_media":0,"parent":0,"menu_order":0,"comment_status":"closed","ping_status":"closed","template":"","meta":{"site-sidebar-layout":"default","site-content-layout":"","ast-site-content-layout":"default","site-content-style":"default","site-sidebar-style":"default","ast-global-header-display":"","ast-banner-title-visibility":"","ast-main-header-display":"","ast-hfb-above-header-display":"","ast-hfb-below-header-display":"","ast-hfb-mobile-header-display":"","site-post-title":"","ast-breadcrumbs-content":"","ast-featured-img":"","footer-sml-layout":"","ast-disable-related-posts":"","theme-transparent-header-meta":"","adv-header-id-meta":"","stick-header-meta":"","header-above-stick-meta":"","header-main-stick-meta":"","header-below-stick-meta":"","astra-migrate-meta-layouts":"default","ast-page-background-enabled":"default","ast-page-background-meta":{"desktop":{"background-color":"var(--ast-global-color-5)","background-image":"","background-repeat":"repeat","background-position":"center center","background-size":"auto","background-attachment":"scroll","background-type":"","background-media":"","overlay-type":"","overlay-color":"","overlay-opacity":"","overlay-gradient":""},"tablet":{"background-color":"","background-image":"","background-repeat":"repeat","background-position":"center center","background-size":"auto","background-attachment":"scroll","background-type":"","background-media":"","overlay-type":"","overlay-color":"","overlay-opacity":"","overlay-gradient":""},"mobile":{"background-color":"","background-image":"","background-repeat":"repeat","background-position":"center center","background-size":"auto","background-attachment":"scroll","background-type":"","background-media":"","overlay-type":"","overlay-color":"","overlay-opacity":"","overlay-gradient":""}},"ast-content-background-meta":{"desktop":{"background-color":"var(--ast-global-color-4)","background-image":"","background-repeat":"repeat","background-position":"center center","background-size":"auto","background-attachment":"scroll","background-type":"","background-media":"","overlay-type":"","overlay-color":"","overlay-opacity":"","overlay-gradient":""},"tablet":{"background-color":"var(--ast-global-color-4)","background-image":"","background-repeat":"repeat","background-position":"center center","background-size":"auto","background-attachment":"scroll","background-type":"","background-media":"","overlay-type":"","overlay-color":"","overlay-opacity":"","overlay-gradient":""},"mobile":{"background-color":"var(--ast-global-color-4)","background-image":"","background-repeat":"repeat","background-position":"center center","background-size":"auto","background-attachment":"scroll","background-type":"","background-media":"","overlay-type":"","overlay-color":"","overlay-opacity":"","overlay-gradient":""}},"footnotes":""},"class_list":["post-120","page","type-page","status-publish","hentry"],"jetpack_sharing_enabled":true,"_links":{"self":[{"href":"https:\/\/mrginius.com\/wp-json\/wp\/v2\/pages\/120","targetHints":{"allow":["GET"]}}],"collection":[{"href":"https:\/\/mrginius.com\/wp-json\/wp\/v2\/pages"}],"about":[{"href":"https:\/\/mrginius.com\/wp-json\/wp\/v2\/types\/page"}],"author":[{"embeddable":true,"href":"https:\/\/mrginius.com\/wp-json\/wp\/v2\/users\/1"}],"replies":[{"embeddable":true,"href":"https:\/\/mrginius.com\/wp-json\/wp\/v2\/comments?post=120"}],"version-history":[{"count":5,"href":"https:\/\/mrginius.com\/wp-json\/wp\/v2\/pages\/120\/revisions"}],"predecessor-version":[{"id":574,"href":"https:\/\/mrginius.com\/wp-json\/wp\/v2\/pages\/120\/revisions\/574"}],"wp:attachment":[{"href":"https:\/\/mrginius.com\/wp-json\/wp\/v2\/media?parent=120"}],"curies":[{"name":"wp","href":"https:\/\/api.w.org\/{rel}","templated":true}]}}